{"id":969,"date":"2026-01-05T22:39:20","date_gmt":"2026-01-05T22:39:20","guid":{"rendered":"https:\/\/mydid.com\/legal-notice\/"},"modified":"2026-01-19T14:00:40","modified_gmt":"2026-01-19T14:00:40","slug":"legal-notice","status":"publish","type":"page","link":"https:\/\/mydid.com\/en\/legal-notice\/","title":{"rendered":"Legal Notice"},"content":{"rendered":"<style>.elementor-969 .elementor-element.elementor-element-9796baf{--display:flex;--flex-direction:row;--container-widget-width:initial;--container-widget-height:100%;--container-widget-flex-grow:1;--container-widget-align-self:stretch;--flex-wrap-mobile:wrap;--gap:0px 0px;--row-gap:0px;--column-gap:0px;--padding-top:11px;--padding-bottom:0px;--padding-left:20px;--padding-right:20px;}.elementor-969 .elementor-element.elementor-element-b5dcf3f{--display:flex;--flex-direction:row;--container-widget-width:calc( ( 1 - var( --container-widget-flex-grow ) ) * 100% );--container-widget-height:100%;--container-widget-flex-grow:1;--container-widget-align-self:stretch;--flex-wrap-mobile:wrap;--justify-content:flex-start;--align-items:center;}.elementor-969 .elementor-element.elementor-element-b5dcf3f.e-con{--flex-grow:0;--flex-shrink:0;}.elementor-969 .elementor-element.elementor-element-b51ac37{text-align:start;}.elementor-969 .elementor-element.elementor-element-61e4b60{--display:flex;--flex-direction:column;--container-widget-width:100%;--container-widget-height:initial;--container-widget-flex-grow:0;--container-widget-align-self:initial;--flex-wrap-mobile:wrap;--margin-top:0px;--margin-bottom:20px;--margin-left:0px;--margin-right:0px;--padding-top:48px;--padding-bottom:10px;--padding-left:40px;--padding-right:40px;}.elementor-969 .elementor-element.elementor-element-3b4adb1{font-size:14px;}@media(max-width:1366px){.elementor-969 .elementor-element.elementor-element-9796baf{--padding-top:0px;--padding-bottom:0px;--padding-left:0px;--padding-right:0px;}.elementor-969 .elementor-element.elementor-element-61e4b60{--margin-top:0px;--margin-bottom:0px;--margin-left:20px;--margin-right:20px;--padding-top:10px;--padding-bottom:10px;--padding-left:10px;--padding-right:35px;}}@media(max-width:1024px){.elementor-969 .elementor-element.elementor-element-9796baf{--padding-top:0px;--padding-bottom:0px;--padding-left:0px;--padding-right:0px;}.elementor-969 .elementor-element.elementor-element-b51ac37{padding:0px 0px 0px 0px;}.elementor-969 .elementor-element.elementor-element-61e4b60{--margin-top:0px;--margin-bottom:0px;--margin-left:8px;--margin-right:8px;--padding-top:10px;--padding-bottom:10px;--padding-left:10px;--padding-right:10px;}}@media(max-width:767px){.elementor-969 .elementor-element.elementor-element-9796baf{--padding-top:0px;--padding-bottom:0px;--padding-left:0px;--padding-right:0px;}.elementor-969 .elementor-element.elementor-element-b5dcf3f{--width:100%;--flex-direction:row;--container-widget-width:initial;--container-widget-height:100%;--container-widget-flex-grow:1;--container-widget-align-self:stretch;--flex-wrap-mobile:wrap;--justify-content:flex-start;}.elementor-969 .elementor-element.elementor-element-b51ac37 img{width:35%;}.elementor-969 .elementor-element.elementor-element-61e4b60{--padding-top:5px;--padding-bottom:0px;--padding-left:10px;--padding-right:10px;}}@media(min-width:768px){.elementor-969 .elementor-element.elementor-element-9796baf{--content-width:1600px;}.elementor-969 .elementor-element.elementor-element-b5dcf3f{--width:30%;}.elementor-969 .elementor-element.elementor-element-61e4b60{--content-width:1600px;}}@media(max-width:1366px) and (min-width:768px){.elementor-969 .elementor-element.elementor-element-b5dcf3f{--width:171.992px;}.elementor-969 .elementor-element.elementor-element-61e4b60{--content-width:1360px;}}@media(max-width:1024px) and (min-width:768px){.elementor-969 .elementor-element.elementor-element-61e4b60{--content-width:1024px;}}<\/style>\t\t<div data-elementor-type=\"wp-page\" data-elementor-id=\"969\" class=\"elementor elementor-969 elementor-736\" data-elementor-post-type=\"page\">\n\t\t\t\t<div class=\"elementor-element elementor-element-9796baf e-flex e-con-boxed e-con e-parent\" data-id=\"9796baf\" data-element_type=\"container\" data-e-type=\"container\">\n\t\t\t\t\t<div class=\"e-con-inner\">\n\t\t<div class=\"elementor-element elementor-element-b5dcf3f e-con-full e-flex e-con e-child\" data-id=\"b5dcf3f\" data-element_type=\"container\" data-e-type=\"container\">\n\t\t\t\t<div class=\"elementor-element elementor-element-b51ac37 elementor-widget elementor-widget-image\" data-id=\"b51ac37\" data-element_type=\"widget\" data-e-type=\"widget\" data-widget_type=\"image.default\">\n\t\t\t\t\t\t\t\t\t\t\t\t\t\t\t\t<a href=\"https:\/\/mydid.com\/en\/\">\n\t\t\t\t\t\t\t<img decoding=\"async\" width=\"291\" height=\"100\" src=\"https:\/\/mydid.com\/wp-content\/uploads\/2025\/10\/mydid-logo-web-e1767650773201.webp\" class=\"attachment-full size-full wp-image-964\" alt=\"myDid logo\" \/>\t\t\t\t\t\t\t\t<\/a>\n\t\t\t\t\t\t\t\t\t\t\t\t\t\t\t<\/div>\n\t\t\t\t<\/div>\n\t\t\t\t\t<\/div>\n\t\t\t\t<\/div>\n\t\t<div class=\"elementor-element elementor-element-61e4b60 e-flex e-con-boxed e-con e-parent\" data-id=\"61e4b60\" data-element_type=\"container\" data-e-type=\"container\">\n\t\t\t\t\t<div class=\"e-con-inner\">\n\t\t\t\t<div class=\"elementor-element elementor-element-a8bea90 elementor-widget elementor-widget-heading\" data-id=\"a8bea90\" data-element_type=\"widget\" data-e-type=\"widget\" data-widget_type=\"heading.default\">\n\t\t\t\t\t<h2 class=\"elementor-heading-title elementor-size-default\">Legal Notice<\/h2>\t\t\t\t<\/div>\n\t\t\t\t<div class=\"elementor-element elementor-element-3b4adb1 elementor-widget elementor-widget-text-editor\" data-id=\"3b4adb1\" data-element_type=\"widget\" data-e-type=\"widget\" data-widget_type=\"text-editor.default\">\n\t\t\t\t\t\t\t\t\t<h3>1. Publisher<\/h3><p>COMECT SAS (hereinafter referred to as the &#8220;Company&#8221; or &#8220;we&#8221; or &#8220;myDid&#8221; in this policy) is a simplified joint-stock company with its registered office at 8 chemin des Floralies 13090 Aix-en-Provence, registered under RCS number 983871807 in Aix-en-Provence.<\/p><p>The Company operates the publicly accessible websites at the following URL <a href=\"https:\/\/mydid.com\/en\/\" data-wplink-url-error=\"true\">https:\/\/mydid.com\/<\/a> and the mobile application available on app stores.<\/p><p>The Publication Director is Fr\u00e9d\u00e9ric Martin.<\/p><h3>2. Content<\/h3><p>The Company disclaims all liability for any inability or difficulty in accessing its website, particularly due to internet connection issues. Furthermore, the Company shall not be held liable for indirect damages, including business losses, loss of profit, and\/or losses resulting from a partial or definitive interruption of service due to an internet connection problem. Nor shall the Company be held liable for elements beyond its control, or for damages that may be caused by the technical environment of the users of this website, including their software, computers, network equipment, and any material used to access the services and\/or information offered on the website. COMECT SAS strives to ensure the updating and accuracy of the information published on its website and reserves the right to modify it at any time without prior notice. However, the Company cannot guarantee the absence of modifications by third parties (viruses, malicious software, intrusions) nor the completeness of the information.    <\/p><h3>3. Links<\/h3><p>The Company shall not be held liable for any hyperlinks established from the Site to external websites. Furthermore, any hyperlink to the Site is subject to the prior approval of the Publication Director. <\/p><h3>4. Personal Data<\/h3><p>Personal data collected in the Site&#8217;s forms are primarily recorded and processed by the Company. The main purposes of this processing include compliance with legal and regulatory obligations, marketing activities, internal management, statistical studies, risk assessment, as well as security and fraud prevention. <\/p><p>Upon request from administrative, judicial, or official bodies, particularly in the context of combating money laundering and terrorist financing, this personal data may be disclosed.<\/p><p>Furthermore, transmitted personal data may be transferred to a country within the European Union or outside the European Union during various operations. In the event of a transfer to a country outside the European Union, rules ensuring the security and protection of this data have been implemented. <\/p><p>For further information, please consult the personal data processing policy.<\/p><h3>5. Copyright<\/h3><p>The reproduction or representation, in whole or in part, of the pages, data, and any other constituent element of the Site, by any medium or process whatsoever, is strictly prohibited and constitutes an infringement, unless prior authorization is granted by the Company.<\/p><h3>6. Security<\/h3><p>It is the responsibility of each user to take appropriate measures to protect their computer against contamination by potential viruses and other malicious software. The Company cannot be held responsible for elements beyond its control, nor for any damages that may be suffered by the user&#8217;s device, including their smartphones, tablets, computers, software, network equipment, and any other material used to access the Site or the application. <\/p><h3>7. Hosting<\/h3><p>The Site is hosted on servers located in Europe by the company OVH SAS, located at 2 rue Kellermann &#8211; BP 80157 &#8211; 59053 Roubaix Cedex 1, (telephone or email contact: 1007).<\/p><h3>8. Contact Us<\/h3><p>You can contact us using the contact forms available on the websites and applications.<\/p>\t\t\t\t\t\t\t\t<\/div>\n\t\t\t\t\t<\/div>\n\t\t\t\t<\/div>\n\t\t\t\t<\/div>\n\t\t","protected":false},"excerpt":{"rendered":"<p>Legal Notice 1. Publisher COMECT SAS (hereinafter referred to as the &#8220;Company&#8221; or &#8220;we&#8221; or &#8220;myDid&#8221; in this policy) is a simplified joint-stock company with its registered office at 8 chemin des Floralies 13090 Aix-en-Provence, registered under RCS number 983871807 in Aix-en-Provence. The Company operates the publicly accessible websites at the following URL https:\/\/mydid.com\/ and [&hellip;]<\/p>\n","protected":false},"author":2,"featured_media":0,"parent":0,"menu_order":0,"comment_status":"closed","ping_status":"closed","template":"elementor_canvas","meta":{"iawp_total_views":28,"footnotes":""},"class_list":["post-969","page","type-page","status-publish","hentry"],"yoast_head":"<!-- This site is optimized with the Yoast SEO Premium plugin v27.2 (Yoast SEO v27.2) - https:\/\/yoast.com\/product\/yoast-seo-premium-wordpress\/ -->\n<title>&#8902; myDid - Veille e-reputation et activation de communaut\u00e9<\/title>\n<meta name=\"description\" content=\"Plateforme IA d&#039;analyse et d&#039;activation de communaut\u00e9 de marque : social listening, d\u00e9tection des risques, pr\u00e9vention des crises, actions cibl\u00e9es et e-r\u00e9putation \u00e0 prix accessible pour TPE, PME et startups.\" \/>\n<meta name=\"robots\" content=\"index, follow, max-snippet:-1, max-image-preview:large, max-video-preview:-1\" \/>\n<link rel=\"canonical\" href=\"https:\/\/mydid.com\/en\/legal-notice\/\" \/>\n<meta property=\"og:locale\" content=\"en_US\" \/>\n<meta property=\"og:type\" content=\"article\" \/>\n<meta property=\"og:title\" content=\"Legal Notice\" \/>\n<meta property=\"og:description\" content=\"Plateforme IA d&#039;analyse et d&#039;activation de communaut\u00e9 de marque : social listening, d\u00e9tection des risques, pr\u00e9vention des crises, actions cibl\u00e9es et e-r\u00e9putation \u00e0 prix accessible pour TPE, PME et startups.\" \/>\n<meta property=\"og:url\" content=\"https:\/\/mydid.com\/en\/legal-notice\/\" \/>\n<meta property=\"og:site_name\" content=\"myDid - Veille e-reputation et activation de communaut\u00e9\" \/>\n<meta property=\"article:publisher\" content=\"https:\/\/www.facebook.com\/profile.php?id=61556931098524\" \/>\n<meta property=\"article:modified_time\" content=\"2026-01-19T14:00:40+00:00\" \/>\n<meta property=\"og:image\" content=\"https:\/\/mydid.com\/wp-content\/uploads\/2025\/10\/mydid-logo-web-e1767650773201.webp\" \/>\n<meta name=\"twitter:card\" content=\"summary_large_image\" \/>\n<meta name=\"twitter:site\" content=\"@myDid_En\" \/>\n<meta name=\"twitter:label1\" content=\"Est. reading time\" \/>\n\t<meta name=\"twitter:data1\" content=\"3 minutes\" \/>\n<script type=\"application\/ld+json\" class=\"yoast-schema-graph\">{\"@context\":\"https:\/\/schema.org\",\"@graph\":[{\"@type\":\"WebPage\",\"@id\":\"https:\/\/mydid.com\/en\/legal-notice\/\",\"url\":\"https:\/\/mydid.com\/en\/legal-notice\/\",\"name\":\"&#8902; myDid - Veille e-reputation et activation de communaut\u00e9\",\"isPartOf\":{\"@id\":\"https:\/\/mydid.com\/en\/#website\"},\"primaryImageOfPage\":{\"@id\":\"https:\/\/mydid.com\/en\/legal-notice\/#primaryimage\"},\"image\":{\"@id\":\"https:\/\/mydid.com\/en\/legal-notice\/#primaryimage\"},\"thumbnailUrl\":\"https:\/\/mydid.com\/wp-content\/uploads\/2025\/10\/mydid-logo-web-e1767650773201.webp\",\"datePublished\":\"2026-01-05T22:39:20+00:00\",\"dateModified\":\"2026-01-19T14:00:40+00:00\",\"description\":\"Plateforme IA d'analyse et d'activation de communaut\u00e9 de marque : social listening, d\u00e9tection des risques, pr\u00e9vention des crises, actions cibl\u00e9es et e-r\u00e9putation \u00e0 prix accessible pour TPE, PME et startups.\",\"breadcrumb\":{\"@id\":\"https:\/\/mydid.com\/en\/legal-notice\/#breadcrumb\"},\"inLanguage\":\"en-US\",\"potentialAction\":[{\"@type\":\"ReadAction\",\"target\":[\"https:\/\/mydid.com\/en\/legal-notice\/\"]}]},{\"@type\":\"ImageObject\",\"inLanguage\":\"en-US\",\"@id\":\"https:\/\/mydid.com\/en\/legal-notice\/#primaryimage\",\"url\":\"https:\/\/mydid.com\/wp-content\/uploads\/2025\/10\/mydid-logo-web-e1767650773201.webp\",\"contentUrl\":\"https:\/\/mydid.com\/wp-content\/uploads\/2025\/10\/mydid-logo-web-e1767650773201.webp\"},{\"@type\":\"BreadcrumbList\",\"@id\":\"https:\/\/mydid.com\/en\/legal-notice\/#breadcrumb\",\"itemListElement\":[{\"@type\":\"ListItem\",\"position\":1,\"name\":\"Accueil\",\"item\":\"https:\/\/mydid.com\/en\/\"},{\"@type\":\"ListItem\",\"position\":2,\"name\":\"Legal Notice\"}]},{\"@type\":\"WebSite\",\"@id\":\"https:\/\/mydid.com\/en\/#website\",\"url\":\"https:\/\/mydid.com\/en\/\",\"name\":\"myDid - Ecoute r\u00e9seaux sociaux, e-reputation, activation de communaut\u00e9\",\"description\":\"AI Community-led Growth\",\"publisher\":{\"@id\":\"https:\/\/mydid.com\/en\/#organization\"},\"alternateName\":\"myDid Plateforme IA e-r\u00e9putation accessible\",\"potentialAction\":[{\"@type\":\"SearchAction\",\"target\":{\"@type\":\"EntryPoint\",\"urlTemplate\":\"https:\/\/mydid.com\/en\/?s={search_term_string}\"},\"query-input\":{\"@type\":\"PropertyValueSpecification\",\"valueRequired\":true,\"valueName\":\"search_term_string\"}}],\"inLanguage\":\"en-US\"},{\"@type\":\"Organization\",\"@id\":\"https:\/\/mydid.com\/en\/#organization\",\"name\":\"myDid\",\"url\":\"https:\/\/mydid.com\/en\/\",\"logo\":{\"@type\":\"ImageObject\",\"inLanguage\":\"en-US\",\"@id\":\"https:\/\/mydid.com\/en\/#\/schema\/logo\/image\/\",\"url\":\"https:\/\/mydid.com\/wp-content\/uploads\/2025\/10\/mydid-logo-web-e1767650773201.webp\",\"contentUrl\":\"https:\/\/mydid.com\/wp-content\/uploads\/2025\/10\/mydid-logo-web-e1767650773201.webp\",\"width\":291,\"height\":100,\"caption\":\"myDid\"},\"image\":{\"@id\":\"https:\/\/mydid.com\/en\/#\/schema\/logo\/image\/\"},\"sameAs\":[\"https:\/\/www.facebook.com\/profile.php?id=61556931098524\",\"https:\/\/x.com\/myDid_En\",\"https:\/\/www.linkedin.com\/company\/mydid\/\"],\"description\":\"myDid est un projet tech d\u00e9velopp\u00e9 et op\u00e9r\u00e9 par la soci\u00e9t\u00e9 Comect. Comect con\u00e7oit des solutions num\u00e9riques bas\u00e9es sur l'intelligence artificielle et les technologies d'analyse communautaire pour aider les organisations \u00e0 piloter, engager et fid\u00e9liser leurs communaut\u00e9s en ligne. Le projet myDid propose une plateforme d'IA d\u00e9di\u00e9e \u00e0 l'engagement et \u00e0 la r\u00e9tention gr\u00e2ce aux communaut\u00e9s, capable d'analyser les signaux faibles dans les interactions en ligne, d'anticiper les risques d'attrition et de recommander des actions cibl\u00e9es afin de renforcer l'engagement et prot\u00e9ger l'e-r\u00e9putation. La soci\u00e9t\u00e9 Comect SAS est responsable du d\u00e9veloppement, de l'exploitation et de la commercialisation de la plateforme myDid.\",\"legalName\":\"Comect SAS\",\"foundingDate\":\"2024-01-21\",\"vatID\":\"FR08983871807\",\"taxID\":\"98387180700019\",\"numberOfEmployees\":{\"@type\":\"QuantitativeValue\",\"minValue\":\"1\",\"maxValue\":\"10\"},\"publishingPrinciples\":\"https:\/\/mydid.com\/politique-de-confidentialite\/\"}]}<\/script>\n<!-- \/ Yoast SEO Premium plugin. -->","yoast_head_json":{"title":"&#8902; myDid - Veille e-reputation et activation de communaut\u00e9","description":"Plateforme IA d'analyse et d'activation de communaut\u00e9 de marque : social listening, d\u00e9tection des risques, pr\u00e9vention des crises, actions cibl\u00e9es et e-r\u00e9putation \u00e0 prix accessible pour TPE, PME et startups.","robots":{"index":"index","follow":"follow","max-snippet":"max-snippet:-1","max-image-preview":"max-image-preview:large","max-video-preview":"max-video-preview:-1"},"canonical":"https:\/\/mydid.com\/en\/legal-notice\/","og_locale":"en_US","og_type":"article","og_title":"Legal Notice","og_description":"Plateforme IA d'analyse et d'activation de communaut\u00e9 de marque : social listening, d\u00e9tection des risques, pr\u00e9vention des crises, actions cibl\u00e9es et e-r\u00e9putation \u00e0 prix accessible pour TPE, PME et startups.","og_url":"https:\/\/mydid.com\/en\/legal-notice\/","og_site_name":"myDid - Veille e-reputation et activation de communaut\u00e9","article_publisher":"https:\/\/www.facebook.com\/profile.php?id=61556931098524","article_modified_time":"2026-01-19T14:00:40+00:00","og_image":[{"url":"https:\/\/mydid.com\/wp-content\/uploads\/2025\/10\/mydid-logo-web-e1767650773201.webp","type":"","width":"","height":""}],"twitter_card":"summary_large_image","twitter_site":"@myDid_En","twitter_misc":{"Est. reading time":"3 minutes"},"schema":{"@context":"https:\/\/schema.org","@graph":[{"@type":"WebPage","@id":"https:\/\/mydid.com\/en\/legal-notice\/","url":"https:\/\/mydid.com\/en\/legal-notice\/","name":"&#8902; myDid - Veille e-reputation et activation de communaut\u00e9","isPartOf":{"@id":"https:\/\/mydid.com\/en\/#website"},"primaryImageOfPage":{"@id":"https:\/\/mydid.com\/en\/legal-notice\/#primaryimage"},"image":{"@id":"https:\/\/mydid.com\/en\/legal-notice\/#primaryimage"},"thumbnailUrl":"https:\/\/mydid.com\/wp-content\/uploads\/2025\/10\/mydid-logo-web-e1767650773201.webp","datePublished":"2026-01-05T22:39:20+00:00","dateModified":"2026-01-19T14:00:40+00:00","description":"Plateforme IA d'analyse et d'activation de communaut\u00e9 de marque : social listening, d\u00e9tection des risques, pr\u00e9vention des crises, actions cibl\u00e9es et e-r\u00e9putation \u00e0 prix accessible pour TPE, PME et startups.","breadcrumb":{"@id":"https:\/\/mydid.com\/en\/legal-notice\/#breadcrumb"},"inLanguage":"en-US","potentialAction":[{"@type":"ReadAction","target":["https:\/\/mydid.com\/en\/legal-notice\/"]}]},{"@type":"ImageObject","inLanguage":"en-US","@id":"https:\/\/mydid.com\/en\/legal-notice\/#primaryimage","url":"https:\/\/mydid.com\/wp-content\/uploads\/2025\/10\/mydid-logo-web-e1767650773201.webp","contentUrl":"https:\/\/mydid.com\/wp-content\/uploads\/2025\/10\/mydid-logo-web-e1767650773201.webp"},{"@type":"BreadcrumbList","@id":"https:\/\/mydid.com\/en\/legal-notice\/#breadcrumb","itemListElement":[{"@type":"ListItem","position":1,"name":"Accueil","item":"https:\/\/mydid.com\/en\/"},{"@type":"ListItem","position":2,"name":"Legal Notice"}]},{"@type":"WebSite","@id":"https:\/\/mydid.com\/en\/#website","url":"https:\/\/mydid.com\/en\/","name":"myDid - Ecoute r\u00e9seaux sociaux, e-reputation, activation de communaut\u00e9","description":"AI Community-led Growth","publisher":{"@id":"https:\/\/mydid.com\/en\/#organization"},"alternateName":"myDid Plateforme IA e-r\u00e9putation accessible","potentialAction":[{"@type":"SearchAction","target":{"@type":"EntryPoint","urlTemplate":"https:\/\/mydid.com\/en\/?s={search_term_string}"},"query-input":{"@type":"PropertyValueSpecification","valueRequired":true,"valueName":"search_term_string"}}],"inLanguage":"en-US"},{"@type":"Organization","@id":"https:\/\/mydid.com\/en\/#organization","name":"myDid","url":"https:\/\/mydid.com\/en\/","logo":{"@type":"ImageObject","inLanguage":"en-US","@id":"https:\/\/mydid.com\/en\/#\/schema\/logo\/image\/","url":"https:\/\/mydid.com\/wp-content\/uploads\/2025\/10\/mydid-logo-web-e1767650773201.webp","contentUrl":"https:\/\/mydid.com\/wp-content\/uploads\/2025\/10\/mydid-logo-web-e1767650773201.webp","width":291,"height":100,"caption":"myDid"},"image":{"@id":"https:\/\/mydid.com\/en\/#\/schema\/logo\/image\/"},"sameAs":["https:\/\/www.facebook.com\/profile.php?id=61556931098524","https:\/\/x.com\/myDid_En","https:\/\/www.linkedin.com\/company\/mydid\/"],"description":"myDid est un projet tech d\u00e9velopp\u00e9 et op\u00e9r\u00e9 par la soci\u00e9t\u00e9 Comect. Comect con\u00e7oit des solutions num\u00e9riques bas\u00e9es sur l'intelligence artificielle et les technologies d'analyse communautaire pour aider les organisations \u00e0 piloter, engager et fid\u00e9liser leurs communaut\u00e9s en ligne. Le projet myDid propose une plateforme d'IA d\u00e9di\u00e9e \u00e0 l'engagement et \u00e0 la r\u00e9tention gr\u00e2ce aux communaut\u00e9s, capable d'analyser les signaux faibles dans les interactions en ligne, d'anticiper les risques d'attrition et de recommander des actions cibl\u00e9es afin de renforcer l'engagement et prot\u00e9ger l'e-r\u00e9putation. La soci\u00e9t\u00e9 Comect SAS est responsable du d\u00e9veloppement, de l'exploitation et de la commercialisation de la plateforme myDid.","legalName":"Comect SAS","foundingDate":"2024-01-21","vatID":"FR08983871807","taxID":"98387180700019","numberOfEmployees":{"@type":"QuantitativeValue","minValue":"1","maxValue":"10"},"publishingPrinciples":"https:\/\/mydid.com\/politique-de-confidentialite\/"}]}},"_links":{"self":[{"href":"https:\/\/mydid.com\/en\/wp-json\/wp\/v2\/pages\/969","targetHints":{"allow":["GET"]}}],"collection":[{"href":"https:\/\/mydid.com\/en\/wp-json\/wp\/v2\/pages"}],"about":[{"href":"https:\/\/mydid.com\/en\/wp-json\/wp\/v2\/types\/page"}],"author":[{"embeddable":true,"href":"https:\/\/mydid.com\/en\/wp-json\/wp\/v2\/users\/2"}],"replies":[{"embeddable":true,"href":"https:\/\/mydid.com\/en\/wp-json\/wp\/v2\/comments?post=969"}],"version-history":[{"count":1,"href":"https:\/\/mydid.com\/en\/wp-json\/wp\/v2\/pages\/969\/revisions"}],"predecessor-version":[{"id":970,"href":"https:\/\/mydid.com\/en\/wp-json\/wp\/v2\/pages\/969\/revisions\/970"}],"wp:attachment":[{"href":"https:\/\/mydid.com\/en\/wp-json\/wp\/v2\/media?parent=969"}],"curies":[{"name":"wp","href":"https:\/\/api.w.org\/{rel}","templated":true}]}}